{"id":2227,"date":"2025-08-30T23:47:03","date_gmt":"2025-08-30T23:47:03","guid":{"rendered":"https:\/\/hrdatalytics.com\/?page_id=2227"},"modified":"2025-10-03T19:45:44","modified_gmt":"2025-10-03T19:45:44","slug":"hakkinda","status":"publish","type":"page","link":"https:\/\/hrdatalytics.com\/en\/hakkinda\/","title":{"rendered":"Hakk\u0131nda"},"content":{"rendered":"<div data-elementor-type=\"wp-page\" data-elementor-id=\"2227\" class=\"elementor elementor-2227\">\n\t\t\t\t\t\t<section class=\"elementor-section elementor-top-section elementor-element elementor-element-4skpd37 elementor-reverse-mobile elementor-section-boxed elementor-section-height-default elementor-section-height-default\" data-id=\"4skpd37\" data-element_type=\"section\" data-settings=\"{&quot;background_background&quot;:&quot;classic&quot;}\">\n\t\t\t\t\t\t\t<div class=\"elementor-background-overlay\"><\/div>\n\t\t\t\t\t\t\t<div class=\"elementor-container elementor-column-gap-default\">\n\t\t\t\t\t<div class=\"elementor-column elementor-col-50 elementor-top-column elementor-element elementor-element-0ae65ec\" data-id=\"0ae65ec\" data-element_type=\"column\" data-settings=\"{&quot;background_background&quot;:&quot;classic&quot;}\">\n\t\t\t<div class=\"elementor-widget-wrap elementor-element-populated\">\n\t\t\t\t\t\t<div class=\"elementor-element elementor-element-8eff4c0 elementor-widget elementor-widget-image\" data-id=\"8eff4c0\" data-element_type=\"widget\" data-widget_type=\"image.default\">\n\t\t\t\t<div class=\"elementor-widget-container\">\n\t\t\t\t\t\t\t\t\t\t\t\t\t\t\t<img fetchpriority=\"high\" decoding=\"async\" width=\"989\" height=\"1280\" src=\"https:\/\/hrdatalytics.com\/wp-content\/uploads\/2025\/09\/g00b4866b790787482218fc0577d2168014f32901a87b47aff071f86c5a6640b734e9acb37dfe60b9543cfc44d5f5a62d4d6de07c9f04ed06449b120ae4ba3490_1280-2958826.jpg\" class=\"attachment-2048x2048 size-2048x2048 wp-image-2487\" alt=\"analysis, analyzing data, analyze, data, information, technology, analyzing, financial, report, analytics, statistics, business, investment, economy, blue data, blue economy, analyze, data, data, data, financial, analytics, statistics, statistics, statistics, statistics, statistics, investment, investment, investment\" srcset=\"https:\/\/hrdatalytics.com\/wp-content\/uploads\/2025\/09\/g00b4866b790787482218fc0577d2168014f32901a87b47aff071f86c5a6640b734e9acb37dfe60b9543cfc44d5f5a62d4d6de07c9f04ed06449b120ae4ba3490_1280-2958826.jpg 989w, https:\/\/hrdatalytics.com\/wp-content\/uploads\/2025\/09\/g00b4866b790787482218fc0577d2168014f32901a87b47aff071f86c5a6640b734e9acb37dfe60b9543cfc44d5f5a62d4d6de07c9f04ed06449b120ae4ba3490_1280-2958826-232x300.jpg 232w, https:\/\/hrdatalytics.com\/wp-content\/uploads\/2025\/09\/g00b4866b790787482218fc0577d2168014f32901a87b47aff071f86c5a6640b734e9acb37dfe60b9543cfc44d5f5a62d4d6de07c9f04ed06449b120ae4ba3490_1280-2958826-791x1024.jpg 791w, https:\/\/hrdatalytics.com\/wp-content\/uploads\/2025\/09\/g00b4866b790787482218fc0577d2168014f32901a87b47aff071f86c5a6640b734e9acb37dfe60b9543cfc44d5f5a62d4d6de07c9f04ed06449b120ae4ba3490_1280-2958826-768x994.jpg 768w\" sizes=\"(max-width: 989px) 100vw, 989px\" \/>\t\t\t\t\t\t\t\t\t\t\t\t\t\t\t<\/div>\n\t\t\t\t<\/div>\n\t\t\t\t\t<\/div>\n\t\t<\/div>\n\t\t\t\t<div class=\"elementor-column elementor-col-50 elementor-top-column elementor-element elementor-element-a7170cb\" data-id=\"a7170cb\" data-element_type=\"column\">\n\t\t\t<div class=\"elementor-widget-wrap elementor-element-populated\">\n\t\t\t\t\t\t<div class=\"elementor-element elementor-element-fb08c38 elementor-widget elementor-widget-heading\" data-id=\"fb08c38\" data-element_type=\"widget\" data-widget_type=\"heading.default\">\n\t\t\t\t<div class=\"elementor-widget-container\">\n\t\t\t\t\t<h2 class=\"elementor-heading-title elementor-size-default\">Ho\u015fgeldiniz<\/h2>\t\t\t\t<\/div>\n\t\t\t\t<\/div>\n\t\t\t\t<div class=\"elementor-element elementor-element-93d90f1 elementor-widget elementor-widget-heading\" data-id=\"93d90f1\" data-element_type=\"widget\" data-widget_type=\"heading.default\">\n\t\t\t\t<div class=\"elementor-widget-container\">\n\t\t\t\t\t<h5 class=\"elementor-heading-title elementor-size-default\"><span style=\"font-size: 15px;font-weight: 400;text-align: center\">\u0130nsan Kaynaklar\u0131 analiti\u011fi, i\u015f g\u00fcc\u00fc stratejilerinde veri temelli kararlar\u0131n \u00f6nemini her ge\u00e7en g\u00fcn art\u0131r\u0131yor. HRDatalytics, bu de\u011fi\u015fime ayak uydurmak isteyen \u0130K profesyonellerine, y\u00f6neticilere ve veri merakl\u0131lar\u0131na \u00f6zel olarak tasarlanm\u0131\u015f bir i\u00e7erik platformudur.<\/span><\/h5>\t\t\t\t<\/div>\n\t\t\t\t<\/div>\n\t\t\t\t<div class=\"elementor-element elementor-element-820708b elementor-widget__width-initial elementor-widget elementor-widget-text-editor\" data-id=\"820708b\" data-element_type=\"widget\" data-widget_type=\"text-editor.default\">\n\t\t\t\t<div class=\"elementor-widget-container\">\n\t\t\t\t\t\t\t\t\t<p class=\"has-text-align-center\" style=\"font-size: 15px; font-style: normal; font-weight: 400;\">Bu platformda;<\/p>\n<p class=\"has-text-align-center\" style=\"font-size: 15px; font-style: normal; font-weight: 400;\">\u2022 \u0130K metriklerine dair detayl\u0131 a\u00e7\u0131klamalar,<\/p>\n<p class=\"has-text-align-center\" style=\"font-size: 15px; font-style: normal; font-weight: 400;\">\u2022 Form\u00fcllerle \u00f6rnek hesaplamalar,<\/p>\n<p class=\"has-text-align-center\" style=\"font-size: 15px; font-style: normal; font-weight: 400;\">\u2022 Uygulanabilir Excel dosyalar\u0131 ve dashboardlar,<\/p>\n<p class=\"has-text-align-center\" style=\"font-size: 15px; font-style: normal; font-weight: 400;\">\u2022 Sekt\u00f6r trendlerini ele alan blog yaz\u0131lar\u0131 yer al\u0131r.<\/p>\t\t\t\t\t\t\t\t<\/div>\n\t\t\t\t<\/div>\n\t\t\t\t\t<\/div>\n\t\t<\/div>\n\t\t\t\t\t<\/div>\n\t\t<\/section>\n\t\t\t\t<\/div>","protected":false},"excerpt":{"rendered":"<p>Ho\u015fgeldiniz \u0130nsan Kaynaklar\u0131 analiti\u011fi, i\u015f g\u00fcc\u00fc stratejilerinde veri temelli kararlar\u0131n \u00f6nemini her ge\u00e7en g\u00fcn art\u0131r\u0131yor. HRDatalytics, bu de\u011fi\u015fime ayak uydurmak [&hellip;]<\/p>","protected":false},"author":1,"featured_media":0,"parent":0,"menu_order":0,"comment_status":"closed","ping_status":"closed","template":"","meta":{"_uag_custom_page_level_css":"","site-sidebar-layout":"default","site-content-layout":"","ast-site-content-layout":"default","site-content-style":"default","site-sidebar-style":"default","ast-global-header-display":"","ast-banner-title-visibility":"","ast-main-header-display":"","ast-hfb-above-header-display":"","ast-hfb-below-header-display":"","ast-hfb-mobile-header-display":"","site-post-title":"disabled","ast-breadcrumbs-content":"","ast-featured-img":"","footer-sml-layout":"","theme-transparent-header-meta":"","adv-header-id-meta":"","stick-header-meta":"","header-above-stick-meta":"","header-main-stick-meta":"","header-below-stick-meta":"","astra-migrate-meta-layouts":"set","ast-page-background-enabled":"default","ast-page-background-meta":{"desktop":{"background-color":"","background-image":"","background-repeat":"repeat","background-position":"center center","background-size":"auto","background-attachment":"scroll","background-type":"","background-media":"","overlay-type":"","overlay-color":"","overlay-opacity":"","overlay-gradient":""},"tablet":{"background-color":"","background-image":"","background-repeat":"repeat","background-position":"center center","background-size":"auto","background-attachment":"scroll","background-type":"","background-media":"","overlay-type":"","overlay-color":"","overlay-opacity":"","overlay-gradient":""},"mobile":{"background-color":"","background-image":"","background-repeat":"repeat","background-position":"center center","background-size":"auto","background-attachment":"scroll","background-type":"","background-media":"","overlay-type":"","overlay-color":"","overlay-opacity":"","overlay-gradient":""}},"ast-content-background-meta":{"desktop":{"background-color":"var(--ast-global-color-5)","background-image":"","background-repeat":"repeat","background-position":"center center","background-size":"auto","background-attachment":"scroll","background-type":"","background-media":"","overlay-type":"","overlay-color":"","overlay-opacity":"","overlay-gradient":""},"tablet":{"background-color":"var(--ast-global-color-5)","background-image":"","background-repeat":"repeat","background-position":"center center","background-size":"auto","background-attachment":"scroll","background-type":"","background-media":"","overlay-type":"","overlay-color":"","overlay-opacity":"","overlay-gradient":""},"mobile":{"background-color":"var(--ast-global-color-5)","background-image":"","background-repeat":"repeat","background-position":"center center","background-size":"auto","background-attachment":"scroll","background-type":"","background-media":"","overlay-type":"","overlay-color":"","overlay-opacity":"","overlay-gradient":""}},"footnotes":""},"class_list":["post-2227","page","type-page","status-publish","hentry"],"aioseo_notices":[],"uagb_featured_image_src":{"full":false,"thumbnail":false,"medium":false,"medium_large":false,"large":false,"1536x1536":false,"2048x2048":false,"trp-custom-language-flag":false},"uagb_author_info":{"display_name":"HRdatalytics","author_link":"https:\/\/hrdatalytics.com\/en\/author\/hkansahinngmail-com\/"},"uagb_comment_info":0,"uagb_excerpt":"Ho\u015fgeldiniz \u0130nsan Kaynaklar\u0131 analiti\u011fi, i\u015f g\u00fcc\u00fc stratejilerinde veri temelli kararlar\u0131n \u00f6nemini her ge\u00e7en g\u00fcn art\u0131r\u0131yor. HRDatalytics, bu de\u011fi\u015fime ayak uydurmak [&hellip;]","_links":{"self":[{"href":"https:\/\/hrdatalytics.com\/en\/wp-json\/wp\/v2\/pages\/2227","targetHints":{"allow":["GET"]}}],"collection":[{"href":"https:\/\/hrdatalytics.com\/en\/wp-json\/wp\/v2\/pages"}],"about":[{"href":"https:\/\/hrdatalytics.com\/en\/wp-json\/wp\/v2\/types\/page"}],"author":[{"embeddable":true,"href":"https:\/\/hrdatalytics.com\/en\/wp-json\/wp\/v2\/users\/1"}],"replies":[{"embeddable":true,"href":"https:\/\/hrdatalytics.com\/en\/wp-json\/wp\/v2\/comments?post=2227"}],"version-history":[{"count":19,"href":"https:\/\/hrdatalytics.com\/en\/wp-json\/wp\/v2\/pages\/2227\/revisions"}],"predecessor-version":[{"id":2543,"href":"https:\/\/hrdatalytics.com\/en\/wp-json\/wp\/v2\/pages\/2227\/revisions\/2543"}],"wp:attachment":[{"href":"https:\/\/hrdatalytics.com\/en\/wp-json\/wp\/v2\/media?parent=2227"}],"curies":[{"name":"wp","href":"https:\/\/api.w.org\/{rel}","templated":true}]}}