{"id":2498,"date":"2025-09-26T18:39:32","date_gmt":"2025-09-26T18:39:32","guid":{"rendered":"https:\/\/hrdatalytics.com\/?page_id=2498"},"modified":"2025-09-26T18:43:28","modified_gmt":"2025-09-26T18:43:28","slug":"sorumluluk-reddi","status":"publish","type":"page","link":"https:\/\/hrdatalytics.com\/en\/sorumluluk-reddi\/","title":{"rendered":"Sorumluluk Reddi"},"content":{"rendered":"<div class=\"wp-block-columns is-layout-flex wp-container-core-columns-is-layout-28f84493 wp-block-columns-is-layout-flex\">\n<div class=\"wp-block-column is-layout-flow wp-block-column-is-layout-flow\" style=\"flex-basis:100%\">\n<p>Bu sitedeki t\u00fcm i\u00e7erikler (yaz\u0131lar, \u015fablonlar, \u00f6rnek hesaplamalar) yaln\u0131zca <strong>genel bilgi ve e\u011fitim ama\u00e7l\u0131d\u0131r<\/strong>. <strong>Profesyonel dan\u0131\u015fmanl\u0131k de\u011fildir.<\/strong><br>Metrik ve sonu\u00e7lar; veri seti, sekt\u00f6r, \u00fclke mevzuat\u0131 ve kurum politikalar\u0131na g\u00f6re <strong>de\u011fi\u015febilir<\/strong>. Nihai kararlar\u0131n\u0131zdan \u00f6nce <strong>kendi do\u011frulaman\u0131z\u0131 yapman\u0131z<\/strong> gerekir.<br>\u0130\u00e7eriklerin g\u00fcncelli\u011fi ve do\u011frulu\u011fu i\u00e7in \u00e7aba g\u00f6sterilmekle birlikte <strong>garanti edilmez<\/strong>. Kullan\u0131m nedeniyle do\u011fabilecek do\u011frudan\/dolayl\u0131 zararlardan site sahibi <strong>sorumlu tutulamaz<\/strong>.<\/p>\n<\/div>\n<\/div>\n\n\n\n<p id=\"sorumluluk-reddi\"><\/p>\n\n\n\n<p><\/p>","protected":false},"excerpt":{"rendered":"<p>Bu sitedeki t\u00fcm i\u00e7erikler (yaz\u0131lar, \u015fablonlar, \u00f6rnek hesaplamalar) yaln\u0131zca genel bilgi ve e\u011fitim ama\u00e7l\u0131d\u0131r. Profesyonel dan\u0131\u015fmanl\u0131k de\u011fildir.Metrik ve sonu\u00e7lar; veri [&hellip;]<\/p>","protected":false},"author":1,"featured_media":0,"parent":0,"menu_order":0,"comment_status":"closed","ping_status":"closed","template":"","meta":{"_uag_custom_page_level_css":"","site-sidebar-layout":"default","site-content-layout":"","ast-site-content-layout":"default","site-content-style":"default","site-sidebar-style":"default","ast-global-header-display":"","ast-banner-title-visibility":"","ast-main-header-display":"","ast-hfb-above-header-display":"","ast-hfb-below-header-display":"","ast-hfb-mobile-header-display":"","site-post-title":"disabled","ast-breadcrumbs-content":"","ast-featured-img":"","footer-sml-layout":"","theme-transparent-header-meta":"","adv-header-id-meta":"","stick-header-meta":"","header-above-stick-meta":"","header-main-stick-meta":"","header-below-stick-meta":"","astra-migrate-meta-layouts":"set","ast-page-background-enabled":"default","ast-page-background-meta":{"desktop":{"background-color":"","background-image":"","background-repeat":"repeat","background-position":"center center","background-size":"auto","background-attachment":"scroll","background-type":"","background-media":"","overlay-type":"","overlay-color":"","overlay-opacity":"","overlay-gradient":""},"tablet":{"background-color":"","background-image":"","background-repeat":"repeat","background-position":"center center","background-size":"auto","background-attachment":"scroll","background-type":"","background-media":"","overlay-type":"","overlay-color":"","overlay-opacity":"","overlay-gradient":""},"mobile":{"background-color":"","background-image":"","background-repeat":"repeat","background-position":"center center","background-size":"auto","background-attachment":"scroll","background-type":"","background-media":"","overlay-type":"","overlay-color":"","overlay-opacity":"","overlay-gradient":""}},"ast-content-background-meta":{"desktop":{"background-color":"var(--ast-global-color-5)","background-image":"","background-repeat":"repeat","background-position":"center center","background-size":"auto","background-attachment":"scroll","background-type":"","background-media":"","overlay-type":"","overlay-color":"","overlay-opacity":"","overlay-gradient":""},"tablet":{"background-color":"var(--ast-global-color-5)","background-image":"","background-repeat":"repeat","background-position":"center center","background-size":"auto","background-attachment":"scroll","background-type":"","background-media":"","overlay-type":"","overlay-color":"","overlay-opacity":"","overlay-gradient":""},"mobile":{"background-color":"var(--ast-global-color-5)","background-image":"","background-repeat":"repeat","background-position":"center center","background-size":"auto","background-attachment":"scroll","background-type":"","background-media":"","overlay-type":"","overlay-color":"","overlay-opacity":"","overlay-gradient":""}},"footnotes":""},"class_list":["post-2498","page","type-page","status-publish","hentry"],"aioseo_notices":[],"uagb_featured_image_src":{"full":false,"thumbnail":false,"medium":false,"medium_large":false,"large":false,"1536x1536":false,"2048x2048":false,"trp-custom-language-flag":false},"uagb_author_info":{"display_name":"HRdatalytics","author_link":"https:\/\/hrdatalytics.com\/en\/author\/hkansahinngmail-com\/"},"uagb_comment_info":0,"uagb_excerpt":"Bu sitedeki t\u00fcm i\u00e7erikler (yaz\u0131lar, \u015fablonlar, \u00f6rnek hesaplamalar) yaln\u0131zca genel bilgi ve e\u011fitim ama\u00e7l\u0131d\u0131r. Profesyonel dan\u0131\u015fmanl\u0131k de\u011fildir.Metrik ve sonu\u00e7lar; veri [&hellip;]","_links":{"self":[{"href":"https:\/\/hrdatalytics.com\/en\/wp-json\/wp\/v2\/pages\/2498","targetHints":{"allow":["GET"]}}],"collection":[{"href":"https:\/\/hrdatalytics.com\/en\/wp-json\/wp\/v2\/pages"}],"about":[{"href":"https:\/\/hrdatalytics.com\/en\/wp-json\/wp\/v2\/types\/page"}],"author":[{"embeddable":true,"href":"https:\/\/hrdatalytics.com\/en\/wp-json\/wp\/v2\/users\/1"}],"replies":[{"embeddable":true,"href":"https:\/\/hrdatalytics.com\/en\/wp-json\/wp\/v2\/comments?post=2498"}],"version-history":[{"count":3,"href":"https:\/\/hrdatalytics.com\/en\/wp-json\/wp\/v2\/pages\/2498\/revisions"}],"predecessor-version":[{"id":2503,"href":"https:\/\/hrdatalytics.com\/en\/wp-json\/wp\/v2\/pages\/2498\/revisions\/2503"}],"wp:attachment":[{"href":"https:\/\/hrdatalytics.com\/en\/wp-json\/wp\/v2\/media?parent=2498"}],"curies":[{"name":"wp","href":"https:\/\/api.w.org\/{rel}","templated":true}]}}