{"id":776,"date":"2025-07-25T20:06:50","date_gmt":"2025-07-25T20:06:50","guid":{"rendered":"http:\/\/hrdatalytics.com\/home\/"},"modified":"2025-09-26T19:31:23","modified_gmt":"2025-09-26T19:31:23","slug":"home","status":"publish","type":"page","link":"https:\/\/hrdatalytics.com\/en\/","title":{"rendered":"Home"},"content":{"rendered":"<div data-elementor-type=\"wp-page\" data-elementor-id=\"776\" class=\"elementor elementor-776\">\n\t\t\t\t\t\t<section class=\"elementor-section elementor-top-section elementor-element elementor-element-x27d3zn elementor-section-boxed elementor-section-height-default elementor-section-height-default\" data-id=\"x27d3zn\" data-element_type=\"section\" data-settings=\"{&quot;background_background&quot;:&quot;classic&quot;}\">\n\t\t\t\t\t\t\t<div class=\"elementor-background-overlay\"><\/div>\n\t\t\t\t\t\t\t<div class=\"elementor-container elementor-column-gap-default\">\n\t\t\t\t\t<div class=\"elementor-column elementor-col-100 elementor-top-column elementor-element elementor-element-6620a5f\" data-id=\"6620a5f\" data-element_type=\"column\">\n\t\t\t<div class=\"elementor-widget-wrap elementor-element-populated\">\n\t\t\t\t\t\t<div class=\"elementor-element elementor-element-6effccb elementor-widget elementor-widget-heading\" data-id=\"6effccb\" data-element_type=\"widget\" data-widget_type=\"heading.default\">\n\t\t\t\t<div class=\"elementor-widget-container\">\n\t\t\t\t\t<h4 class=\"elementor-heading-title elementor-size-default\"><span style=\"font-size: 1.33333rem\">100+ Metrik, Form\u00fcller, Dashboardlar...<\/span><\/h4>\t\t\t\t<\/div>\n\t\t\t\t<\/div>\n\t\t\t\t<div class=\"elementor-element elementor-element-c3e4ff9 elementor-widget elementor-widget-heading\" data-id=\"c3e4ff9\" data-element_type=\"widget\" data-widget_type=\"heading.default\">\n\t\t\t\t<div class=\"elementor-widget-container\">\n\t\t\t\t\t<h1 class=\"elementor-heading-title elementor-size-default\"><span style=\"font-size: 3.46667rem\">Kararlar\u0131n\u0131z\u0131 Metrikler ile G\u00fc\u00e7lendirin<\/span><\/h1>\t\t\t\t<\/div>\n\t\t\t\t<\/div>\n\t\t\t\t<div class=\"elementor-element elementor-element-c357e2d elementor-widget-divider--view-line elementor-widget elementor-widget-divider\" data-id=\"c357e2d\" data-element_type=\"widget\" data-widget_type=\"divider.default\">\n\t\t\t\t<div class=\"elementor-widget-container\">\n\t\t\t\t\t\t\t<div class=\"elementor-divider\">\n\t\t\t<span class=\"elementor-divider-separator\">\n\t\t\t\t\t\t<\/span>\n\t\t<\/div>\n\t\t\t\t\t\t<\/div>\n\t\t\t\t<\/div>\n\t\t\t\t<div class=\"elementor-element elementor-element-3a10bc7 elementor-align-center elementor-widget elementor-widget-button\" data-id=\"3a10bc7\" data-element_type=\"widget\" data-widget_type=\"button.default\">\n\t\t\t\t<div class=\"elementor-widget-container\">\n\t\t\t\t\t\t\t\t\t<div class=\"elementor-button-wrapper\">\n\t\t\t\t\t<a class=\"elementor-button elementor-button-link elementor-size-sm\" href=\"https:\/\/hrdatalytics.com\/en\/category\/uncategorized\/ik-metrikleri\/\">\n\t\t\t\t\t\t<span class=\"elementor-button-content-wrapper\">\n\t\t\t\t\t\t\t\t\t<span class=\"elementor-button-text\">Metrikleri Ke\u015ffet<\/span>\n\t\t\t\t\t<\/span>\n\t\t\t\t\t<\/a>\n\t\t\t\t<\/div>\n\t\t\t\t\t\t\t\t<\/div>\n\t\t\t\t<\/div>\n\t\t\t\t\t<\/div>\n\t\t<\/div>\n\t\t\t\t\t<\/div>\n\t\t<\/section>\n\t\t<div class=\"elementor-element elementor-element-7ba1668 e-flex e-con-boxed e-con e-parent\" data-id=\"7ba1668\" data-element_type=\"container\">\n\t\t\t\t\t<div class=\"e-con-inner\">\n\t\t\t\t<div class=\"elementor-element elementor-element-0b30787 hfe-search-layout-text elementor-widget elementor-widget-hfe-search-button\" data-id=\"0b30787\" data-element_type=\"widget\" data-settings=\"{&quot;size&quot;:{&quot;unit&quot;:&quot;px&quot;,&quot;size&quot;:50,&quot;sizes&quot;:[]},&quot;size_tablet&quot;:{&quot;unit&quot;:&quot;px&quot;,&quot;size&quot;:&quot;&quot;,&quot;sizes&quot;:[]},&quot;size_mobile&quot;:{&quot;unit&quot;:&quot;px&quot;,&quot;size&quot;:&quot;&quot;,&quot;sizes&quot;:[]},&quot;close_icon_size&quot;:{&quot;unit&quot;:&quot;px&quot;,&quot;size&quot;:&quot;20&quot;,&quot;sizes&quot;:[]},&quot;close_icon_size_tablet&quot;:{&quot;unit&quot;:&quot;px&quot;,&quot;size&quot;:&quot;&quot;,&quot;sizes&quot;:[]},&quot;close_icon_size_mobile&quot;:{&quot;unit&quot;:&quot;px&quot;,&quot;size&quot;:&quot;&quot;,&quot;sizes&quot;:[]}}\" data-widget_type=\"hfe-search-button.default\">\n\t\t\t\t<div class=\"elementor-widget-container\">\n\t\t\t\t\t\t\t<form class=\"hfe-search-button-wrapper\" role=\"search\" action=\"https:\/\/hrdatalytics.com\/en\/\" method=\"get\" data-trp-original-action=\"https:\/\/hrdatalytics.com\/\">\n\n\t\t\t\t\t\t<div class=\"hfe-search-form__container\" role=\"tablist\">\n\t\t\t\t\t\t\t\t\t<input placeholder=\"Arama\" class=\"hfe-search-form__input\" type=\"search\" name=\"s\" title=\"Search\" value=\"\">\n\t\t\t\t\t\t<button id=\"clear\" type=\"reset\">\n\t\t\t\t\t\t\t<i class=\"fas fa-times clearable__clear\" aria-hidden=\"true\"><\/i>\n\t\t\t\t\t\t<\/button>\n\t\t\t\t\t\t\t<\/div>\n\t\t\t\t<input type=\"hidden\" name=\"trp-form-language\" value=\"en\"\/><\/form>\n\t\t\t\t\t\t<\/div>\n\t\t\t\t<\/div>\n\t\t\t\t\t<\/div>\n\t\t\t\t<\/div>\n\t\t<div class=\"elementor-element elementor-element-eaeb33f e-flex e-con-boxed e-con e-parent\" data-id=\"eaeb33f\" data-element_type=\"container\">\n\t\t\t\t\t<div class=\"e-con-inner\">\n\t\t\t\t<div class=\"elementor-element elementor-element-75f3eab elementor-widget elementor-widget-hfe-basic-posts\" data-id=\"75f3eab\" data-element_type=\"widget\" data-widget_type=\"hfe-basic-posts.default\">\n\t\t\t\t<div class=\"elementor-widget-container\">\n\t\t\t\t\t\n<div class=\"hfe-posts-grid\">\n\t\t\t<article class=\"hfe-post-card\">\n\t\t\t\t\t\t\t<div class=\"hfe-post-image\">\n\t\t\t\t\t<a href=\"https:\/\/hrdatalytics.com\/en\/calisan-basina-ik-profesyoneli-orani-hr-to-employee-ratio\/\" rel=\"bookmark\">\n\t\t\t\t\t\t<img loading=\"lazy\" decoding=\"async\" width=\"300\" height=\"300\" src=\"https:\/\/hrdatalytics.com\/wp-content\/uploads\/2025\/10\/Calisan-basina-iki-orani-300x300.png\" class=\"attachment-medium size-medium wp-post-image\" alt=\"\u00c7al\u0131\u015fan Ba\u015f\u0131na \u0130K Profesyoneli Oran\u0131 (HR-to-Employee Ratio)\" srcset=\"https:\/\/hrdatalytics.com\/wp-content\/uploads\/2025\/10\/Calisan-basina-iki-orani-300x300.png 300w, https:\/\/hrdatalytics.com\/wp-content\/uploads\/2025\/10\/Calisan-basina-iki-orani-150x150.png 150w, https:\/\/hrdatalytics.com\/wp-content\/uploads\/2025\/10\/Calisan-basina-iki-orani-768x768.png 768w, https:\/\/hrdatalytics.com\/wp-content\/uploads\/2025\/10\/Calisan-basina-iki-orani.png 1024w\" sizes=\"auto, (max-width: 300px) 100vw, 300px\" \/>\t\t\t\t\t<\/a>\n\t\t\t\t<\/div>\n\t\t\t\n\t\t\t<div class=\"hfe-post-content\">\n\t\t\t\t\t\t\t\t\t<h3 class=\"hfe-post-title\">\n\t\t\t\t\t\t<a href=\"https:\/\/hrdatalytics.com\/en\/calisan-basina-ik-profesyoneli-orani-hr-to-employee-ratio\/\" rel=\"bookmark\">\n\t\t\t\t\t\t\t\u00c7al\u0131\u015fan Ba\u015f\u0131na \u0130K Profesyoneli Oran\u0131 (HR-to-Employee Ratio)\t\t\t\t\t\t<\/a>\n\t\t\t\t\t<\/h3>\n\t\t\t\t\n\t\t\t\t\t\t\t\t\t<div class=\"hfe-post-meta\">\n\t\t\t\t\t\t<span class=\"hfe-post-date\">October 15, 2025<\/span><span class=\"hfe-meta-separator\"> | <\/span><span class=\"hfe-post-author\">by HRdatalytics<\/span>\t\t\t\t\t<\/div>\n\t\t\t\t\n\t\t\t\t\t\t\t\t\t<div class=\"hfe-post-excerpt\">\n\t\t\t\t\t\t\u0130K personel oran\u0131n\u0131 (HR-to-Employee Ratio) nas\u0131l hesaplayaca\u011f\u0131n\u0131z\u0131, \u00f6rneklerle ve dashboard \u00f6nerileriyle anlat\u0131yoruz. FTE, kapsam ve benchmark ipu\u00e7lar\u0131 i\u00e7erir.\t\t\t\t\t<\/div>\n\t\t\t\t\n\t\t\t\t\t\t\t\t\t<a href=\"https:\/\/hrdatalytics.com\/en\/calisan-basina-ik-profesyoneli-orani-hr-to-employee-ratio\/\" class=\"hfe-read-more\" rel=\"bookmark\">\n\t\t\t\t\t\tRead More \u2192\t\t\t\t\t<\/a>\n\t\t\t\t\t\t\t<\/div>\n\t\t<\/article>\n\t\t\t\t<article class=\"hfe-post-card\">\n\t\t\t\t\t\t\t<div class=\"hfe-post-image\">\n\t\t\t\t\t<a href=\"https:\/\/hrdatalytics.com\/en\/ic-terfi-orani-internal-promotion-rate\/\" rel=\"bookmark\">\n\t\t\t\t\t\t<img loading=\"lazy\" decoding=\"async\" width=\"300\" height=\"200\" src=\"https:\/\/hrdatalytics.com\/wp-content\/uploads\/2025\/10\/Ic-Terfi-Orani-300x200.png\" class=\"attachment-medium size-medium wp-post-image\" alt=\"\u0130\u00e7 Terfi Oran\u0131 (Internal Promotion Rate)\" srcset=\"https:\/\/hrdatalytics.com\/wp-content\/uploads\/2025\/10\/Ic-Terfi-Orani-300x200.png 300w, https:\/\/hrdatalytics.com\/wp-content\/uploads\/2025\/10\/Ic-Terfi-Orani.png 1536w\" sizes=\"auto, (max-width: 300px) 100vw, 300px\" \/>\t\t\t\t\t<\/a>\n\t\t\t\t<\/div>\n\t\t\t\n\t\t\t<div class=\"hfe-post-content\">\n\t\t\t\t\t\t\t\t\t<h3 class=\"hfe-post-title\">\n\t\t\t\t\t\t<a href=\"https:\/\/hrdatalytics.com\/en\/ic-terfi-orani-internal-promotion-rate\/\" rel=\"bookmark\">\n\t\t\t\t\t\t\t\u0130\u00e7 Terfi Oran\u0131 (Internal Promotion Rate)\t\t\t\t\t\t<\/a>\n\t\t\t\t\t<\/h3>\n\t\t\t\t\n\t\t\t\t\t\t\t\t\t<div class=\"hfe-post-meta\">\n\t\t\t\t\t\t<span class=\"hfe-post-date\">October 14, 2025<\/span><span class=\"hfe-meta-separator\"> | <\/span><span class=\"hfe-post-author\">by HRdatalytics<\/span>\t\t\t\t\t<\/div>\n\t\t\t\t\n\t\t\t\t\t\t\t\t\t<div class=\"hfe-post-excerpt\">\n\t\t\t\t\t\tTerfiler d\u0131\u015fardan m\u0131 geliyor, i\u00e7erden mi? \u0130\u00e7 Terfi Oran\u0131\u2019n\u0131z ne durumda? Yeni yaz\u0131m\u0131zda, bu \u00f6nemli metri\u011fi nas\u0131l hesaplayaca\u011f\u0131n\u0131z\u0131 ve neden...\t\t\t\t\t<\/div>\n\t\t\t\t\n\t\t\t\t\t\t\t\t\t<a href=\"https:\/\/hrdatalytics.com\/en\/ic-terfi-orani-internal-promotion-rate\/\" class=\"hfe-read-more\" rel=\"bookmark\">\n\t\t\t\t\t\tRead More \u2192\t\t\t\t\t<\/a>\n\t\t\t\t\t\t\t<\/div>\n\t\t<\/article>\n\t\t\t\t<article class=\"hfe-post-card\">\n\t\t\t\t\t\t\t<div class=\"hfe-post-image\">\n\t\t\t\t\t<a href=\"https:\/\/hrdatalytics.com\/en\/cinsiyet-dagilimi-gender-distribution\/\" rel=\"bookmark\">\n\t\t\t\t\t\t<img loading=\"lazy\" decoding=\"async\" width=\"300\" height=\"300\" src=\"https:\/\/hrdatalytics.com\/wp-content\/uploads\/2025\/10\/Cisniyet-Dagilim-Orani-300x300.png\" class=\"attachment-medium size-medium wp-post-image\" alt=\"Cinsiyet Da\u011f\u0131l\u0131m\u0131 (Gender Distribution)\" srcset=\"https:\/\/hrdatalytics.com\/wp-content\/uploads\/2025\/10\/Cisniyet-Dagilim-Orani-300x300.png 300w, https:\/\/hrdatalytics.com\/wp-content\/uploads\/2025\/10\/Cisniyet-Dagilim-Orani-150x150.png 150w, https:\/\/hrdatalytics.com\/wp-content\/uploads\/2025\/10\/Cisniyet-Dagilim-Orani-768x768.png 768w, https:\/\/hrdatalytics.com\/wp-content\/uploads\/2025\/10\/Cisniyet-Dagilim-Orani.png 1024w\" sizes=\"auto, (max-width: 300px) 100vw, 300px\" \/>\t\t\t\t\t<\/a>\n\t\t\t\t<\/div>\n\t\t\t\n\t\t\t<div class=\"hfe-post-content\">\n\t\t\t\t\t\t\t\t\t<h3 class=\"hfe-post-title\">\n\t\t\t\t\t\t<a href=\"https:\/\/hrdatalytics.com\/en\/cinsiyet-dagilimi-gender-distribution\/\" rel=\"bookmark\">\n\t\t\t\t\t\t\tCinsiyet Da\u011f\u0131l\u0131m\u0131 (Gender Distribution)\t\t\t\t\t\t<\/a>\n\t\t\t\t\t<\/h3>\n\t\t\t\t\n\t\t\t\t\t\t\t\t\t<div class=\"hfe-post-meta\">\n\t\t\t\t\t\t<span class=\"hfe-post-date\">October 13, 2025<\/span><span class=\"hfe-meta-separator\"> | <\/span><span class=\"hfe-post-author\">by HRdatalytics<\/span>\t\t\t\t\t<\/div>\n\t\t\t\t\n\t\t\t\t\t\t\t\t\t<div class=\"hfe-post-excerpt\">\n\t\t\t\t\t\t\ud83d\udcbc Cinsiyet Da\u011f\u0131l\u0131m\u0131 (Gender Distribution) \ud83e\udded Giri\u015fCinsiyet da\u011f\u0131l\u0131m\u0131 sadece demografik bir say\u0131 de\u011fil; kapsay\u0131c\u0131 k\u00fclt\u00fcr\u00fcn ve f\u0131rsat e\u015fitli\u011finin temel g\u00f6stergesidir....\t\t\t\t\t<\/div>\n\t\t\t\t\n\t\t\t\t\t\t\t\t\t<a href=\"https:\/\/hrdatalytics.com\/en\/cinsiyet-dagilimi-gender-distribution\/\" class=\"hfe-read-more\" rel=\"bookmark\">\n\t\t\t\t\t\tRead More \u2192\t\t\t\t\t<\/a>\n\t\t\t\t\t\t\t<\/div>\n\t\t<\/article>\n\t\t\t\t<article class=\"hfe-post-card\">\n\t\t\t\t\t\t\t<div class=\"hfe-post-image\">\n\t\t\t\t\t<a href=\"https:\/\/hrdatalytics.com\/en\/calisan-net-tavsiye-skoru-enps-employee-net-promoter-score\/\" rel=\"bookmark\">\n\t\t\t\t\t\t<img loading=\"lazy\" decoding=\"async\" width=\"300\" height=\"200\" src=\"https:\/\/hrdatalytics.com\/wp-content\/uploads\/2025\/10\/Calisan-Net-Tavsiye-SkorueNPS-300x200.png\" class=\"attachment-medium size-medium wp-post-image\" alt=\"\u00c7al\u0131\u015fan Net Tavsiye Skoru (eNPS) \u2013 Employee Net Promoter Score\" srcset=\"https:\/\/hrdatalytics.com\/wp-content\/uploads\/2025\/10\/Calisan-Net-Tavsiye-SkorueNPS-300x200.png 300w, https:\/\/hrdatalytics.com\/wp-content\/uploads\/2025\/10\/Calisan-Net-Tavsiye-SkorueNPS.png 1536w\" sizes=\"auto, (max-width: 300px) 100vw, 300px\" \/>\t\t\t\t\t<\/a>\n\t\t\t\t<\/div>\n\t\t\t\n\t\t\t<div class=\"hfe-post-content\">\n\t\t\t\t\t\t\t\t\t<h3 class=\"hfe-post-title\">\n\t\t\t\t\t\t<a href=\"https:\/\/hrdatalytics.com\/en\/calisan-net-tavsiye-skoru-enps-employee-net-promoter-score\/\" rel=\"bookmark\">\n\t\t\t\t\t\t\t\u00c7al\u0131\u015fan Net Tavsiye Skoru (eNPS) \u2013 Employee Net Promoter Score\t\t\t\t\t\t<\/a>\n\t\t\t\t\t<\/h3>\n\t\t\t\t\n\t\t\t\t\t\t\t\t\t<div class=\"hfe-post-meta\">\n\t\t\t\t\t\t<span class=\"hfe-post-date\">October 12, 2025<\/span><span class=\"hfe-meta-separator\"> | <\/span><span class=\"hfe-post-author\">by HRdatalytics<\/span>\t\t\t\t\t<\/div>\n\t\t\t\t\n\t\t\t\t\t\t\t\t\t<div class=\"hfe-post-excerpt\">\n\t\t\t\t\t\t\ud83e\udded Giri\u015fBir \u00e7al\u0131\u015fan\u0131n i\u015f yerini tavsiye etme iste\u011fi; g\u00fcven, memnuniyet ve ba\u011fl\u0131l\u0131\u011f\u0131n k\u0131sa ama g\u00fc\u00e7l\u00fc bir g\u00f6stergesidir. M\u00fc\u015fteri NPS metodolojisinin...\t\t\t\t\t<\/div>\n\t\t\t\t\n\t\t\t\t\t\t\t\t\t<a href=\"https:\/\/hrdatalytics.com\/en\/calisan-net-tavsiye-skoru-enps-employee-net-promoter-score\/\" class=\"hfe-read-more\" rel=\"bookmark\">\n\t\t\t\t\t\tRead More \u2192\t\t\t\t\t<\/a>\n\t\t\t\t\t\t\t<\/div>\n\t\t<\/article>\n\t\t\t\t<article class=\"hfe-post-card\">\n\t\t\t\t\t\t\t<div class=\"hfe-post-image\">\n\t\t\t\t\t<a href=\"https:\/\/hrdatalytics.com\/en\/toplam-isveren-maliyeti-total-cost-of-workforce-tcow\/\" rel=\"bookmark\">\n\t\t\t\t\t\t<img loading=\"lazy\" decoding=\"async\" width=\"300\" height=\"200\" src=\"https:\/\/hrdatalytics.com\/wp-content\/uploads\/2025\/10\/Isveren-Maliyeti-300x200.png\" class=\"attachment-medium size-medium wp-post-image\" alt=\"Toplam \u0130\u015fveren Maliyeti (Total Cost of Workforce \u2013 TCOW)\" srcset=\"https:\/\/hrdatalytics.com\/wp-content\/uploads\/2025\/10\/Isveren-Maliyeti-300x200.png 300w, https:\/\/hrdatalytics.com\/wp-content\/uploads\/2025\/10\/Isveren-Maliyeti.png 1536w\" sizes=\"auto, (max-width: 300px) 100vw, 300px\" \/>\t\t\t\t\t<\/a>\n\t\t\t\t<\/div>\n\t\t\t\n\t\t\t<div class=\"hfe-post-content\">\n\t\t\t\t\t\t\t\t\t<h3 class=\"hfe-post-title\">\n\t\t\t\t\t\t<a href=\"https:\/\/hrdatalytics.com\/en\/toplam-isveren-maliyeti-total-cost-of-workforce-tcow\/\" rel=\"bookmark\">\n\t\t\t\t\t\t\tToplam \u0130\u015fveren Maliyeti (Total Cost of Workforce \u2013 TCOW)\t\t\t\t\t\t<\/a>\n\t\t\t\t\t<\/h3>\n\t\t\t\t\n\t\t\t\t\t\t\t\t\t<div class=\"hfe-post-meta\">\n\t\t\t\t\t\t<span class=\"hfe-post-date\">October 11, 2025<\/span><span class=\"hfe-meta-separator\"> | <\/span><span class=\"hfe-post-author\">by HRdatalytics<\/span>\t\t\t\t\t<\/div>\n\t\t\t\t\n\t\t\t\t\t\t\t\t\t<div class=\"hfe-post-excerpt\">\n\t\t\t\t\t\tMaa\u015flar, SGK, yan haklar, ekipmanlar\u2026 Toplam \u0130\u015fveren Maliyeti (TCOW) ile ger\u00e7ek maliyeti anlatt\u0131m.\t\t\t\t\t<\/div>\n\t\t\t\t\n\t\t\t\t\t\t\t\t\t<a href=\"https:\/\/hrdatalytics.com\/en\/toplam-isveren-maliyeti-total-cost-of-workforce-tcow\/\" class=\"hfe-read-more\" rel=\"bookmark\">\n\t\t\t\t\t\tRead More \u2192\t\t\t\t\t<\/a>\n\t\t\t\t\t\t\t<\/div>\n\t\t<\/article>\n\t\t\t\t<article class=\"hfe-post-card\">\n\t\t\t\t\t\t\t<div class=\"hfe-post-image\">\n\t\t\t\t\t<a href=\"https:\/\/hrdatalytics.com\/en\/genel-devamsizlik-orani-overall-absenteeism-rate\/\" rel=\"bookmark\">\n\t\t\t\t\t\t<img loading=\"lazy\" decoding=\"async\" width=\"300\" height=\"300\" src=\"https:\/\/hrdatalytics.com\/wp-content\/uploads\/2025\/10\/Devamsilik-orani-300x300.png\" class=\"attachment-medium size-medium wp-post-image\" alt=\"Genel Devams\u0131zl\u0131k Oran\u0131 (Overall Absenteeism Rate)\" srcset=\"https:\/\/hrdatalytics.com\/wp-content\/uploads\/2025\/10\/Devamsilik-orani-300x300.png 300w, https:\/\/hrdatalytics.com\/wp-content\/uploads\/2025\/10\/Devamsilik-orani-150x150.png 150w, https:\/\/hrdatalytics.com\/wp-content\/uploads\/2025\/10\/Devamsilik-orani-768x768.png 768w, https:\/\/hrdatalytics.com\/wp-content\/uploads\/2025\/10\/Devamsilik-orani.png 1024w\" sizes=\"auto, (max-width: 300px) 100vw, 300px\" \/>\t\t\t\t\t<\/a>\n\t\t\t\t<\/div>\n\t\t\t\n\t\t\t<div class=\"hfe-post-content\">\n\t\t\t\t\t\t\t\t\t<h3 class=\"hfe-post-title\">\n\t\t\t\t\t\t<a href=\"https:\/\/hrdatalytics.com\/en\/genel-devamsizlik-orani-overall-absenteeism-rate\/\" rel=\"bookmark\">\n\t\t\t\t\t\t\tGenel Devams\u0131zl\u0131k Oran\u0131 (Overall Absenteeism Rate)\t\t\t\t\t\t<\/a>\n\t\t\t\t\t<\/h3>\n\t\t\t\t\n\t\t\t\t\t\t\t\t\t<div class=\"hfe-post-meta\">\n\t\t\t\t\t\t<span class=\"hfe-post-date\">October 10, 2025<\/span><span class=\"hfe-meta-separator\"> | <\/span><span class=\"hfe-post-author\">by HRdatalytics<\/span>\t\t\t\t\t<\/div>\n\t\t\t\t\n\t\t\t\t\t\t\t\t\t<div class=\"hfe-post-excerpt\">\n\t\t\t\t\t\t\u0130K analiti\u011fi serimizin yeni yaz\u0131s\u0131nda Genel Devams\u0131zl\u0131k Oran\u0131n\u0131 ele ald\u0131k. Bu oran sadece bir say\u0131 de\u011fil; kurumun nabz\u0131!\t\t\t\t\t<\/div>\n\t\t\t\t\n\t\t\t\t\t\t\t\t\t<a href=\"https:\/\/hrdatalytics.com\/en\/genel-devamsizlik-orani-overall-absenteeism-rate\/\" class=\"hfe-read-more\" rel=\"bookmark\">\n\t\t\t\t\t\tRead More \u2192\t\t\t\t\t<\/a>\n\t\t\t\t\t\t\t<\/div>\n\t\t<\/article>\n\t\t<\/div>\n\t\t\t\t<\/div>\n\t\t\t\t<\/div>\n\t\t\t\t\t<\/div>\n\t\t\t\t<\/div>\n\t\t\t\t<\/div>","protected":false},"excerpt":{"rendered":"<p>100+ Metrik, Form\u00fcller, Dashboardlar&#8230; Kararlar\u0131n\u0131z\u0131 Metrikler ile G\u00fc\u00e7lendirin Metrikleri Ke\u015ffet \u23f1\ufe0f \u0130\u015fe Al\u0131m S\u00fcresi (Time to Hire) A\u011fustos 30, 2025 [&hellip;]<\/p>","protected":false},"author":0,"featured_media":0,"parent":0,"menu_order":0,"comment_status":"closed","ping_status":"closed","template":"","meta":{"_uag_custom_page_level_css":"","site-sidebar-layout":"no-sidebar","site-content-layout":"plain-container","ast-site-content-layout":"normal-width-container","site-content-style":"unboxed","site-sidebar-style":"unboxed","ast-global-header-display":"","ast-banner-title-visibility":"","ast-main-header-display":"","ast-hfb-above-header-display":"","ast-hfb-below-header-display":"","ast-hfb-mobile-header-display":"","site-post-title":"disabled","ast-breadcrumbs-content":"","ast-featured-img":"disabled","footer-sml-layout":"","theme-transparent-header-meta":"","adv-header-id-meta":"","stick-header-meta":"","header-above-stick-meta":"","header-main-stick-meta":"","header-below-stick-meta":"","astra-migrate-meta-layouts":"set","ast-page-background-enabled":"default","ast-page-background-meta":{"desktop":{"background-color":"","background-image":"","background-repeat":"repeat","background-position":"center center","background-size":"auto","background-attachment":"scroll","background-type":"","background-media":"","overlay-type":"","overlay-color":"","overlay-opacity":"","overlay-gradient":""},"tablet":{"background-color":"","background-image":"","background-repeat":"repeat","background-position":"center center","background-size":"auto","background-attachment":"scroll","background-type":"","background-media":"","overlay-type":"","overlay-color":"","overlay-opacity":"","overlay-gradient":""},"mobile":{"background-color":"","background-image":"","background-repeat":"repeat","background-position":"center center","background-size":"auto","background-attachment":"scroll","background-type":"","background-media":"","overlay-type":"","overlay-color":"","overlay-opacity":"","overlay-gradient":""}},"ast-content-background-meta":{"desktop":{"background-color":"var(--ast-global-color-5)","background-image":"","background-repeat":"repeat","background-position":"center center","background-size":"auto","background-attachment":"scroll","background-type":"","background-media":"","overlay-type":"","overlay-color":"","overlay-opacity":"","overlay-gradient":""},"tablet":{"background-color":"var(--ast-global-color-5)","background-image":"","background-repeat":"repeat","background-position":"center center","background-size":"auto","background-attachment":"scroll","background-type":"","background-media":"","overlay-type":"","overlay-color":"","overlay-opacity":"","overlay-gradient":""},"mobile":{"background-color":"var(--ast-global-color-5)","background-image":"","background-repeat":"repeat","background-position":"center center","background-size":"auto","background-attachment":"scroll","background-type":"","background-media":"","overlay-type":"","overlay-color":"","overlay-opacity":"","overlay-gradient":""}},"footnotes":""},"class_list":["post-776","page","type-page","status-publish","hentry"],"aioseo_notices":[],"uagb_featured_image_src":{"full":false,"thumbnail":false,"medium":false,"medium_large":false,"large":false,"1536x1536":false,"2048x2048":false,"trp-custom-language-flag":false},"uagb_author_info":{"display_name":"HRdatalytics","author_link":"https:\/\/hrdatalytics.com\/en\/author\/"},"uagb_comment_info":0,"uagb_excerpt":"100+ Metrik, Form\u00fcller, Dashboardlar&#8230; Kararlar\u0131n\u0131z\u0131 Metrikler ile G\u00fc\u00e7lendirin Metrikleri Ke\u015ffet \u23f1\ufe0f \u0130\u015fe Al\u0131m S\u00fcresi (Time to Hire) A\u011fustos 30, 2025 [&hellip;]","_links":{"self":[{"href":"https:\/\/hrdatalytics.com\/en\/wp-json\/wp\/v2\/pages\/776","targetHints":{"allow":["GET"]}}],"collection":[{"href":"https:\/\/hrdatalytics.com\/en\/wp-json\/wp\/v2\/pages"}],"about":[{"href":"https:\/\/hrdatalytics.com\/en\/wp-json\/wp\/v2\/types\/page"}],"replies":[{"embeddable":true,"href":"https:\/\/hrdatalytics.com\/en\/wp-json\/wp\/v2\/comments?post=776"}],"version-history":[{"count":75,"href":"https:\/\/hrdatalytics.com\/en\/wp-json\/wp\/v2\/pages\/776\/revisions"}],"predecessor-version":[{"id":2641,"href":"https:\/\/hrdatalytics.com\/en\/wp-json\/wp\/v2\/pages\/776\/revisions\/2641"}],"wp:attachment":[{"href":"https:\/\/hrdatalytics.com\/en\/wp-json\/wp\/v2\/media?parent=776"}],"curies":[{"name":"wp","href":"https:\/\/api.w.org\/{rel}","templated":true}]}}